{"id":927,"date":"2025-05-22T08:52:03","date_gmt":"2025-05-22T11:52:03","guid":{"rendered":"http:\/\/social.sanjosecoop.com.ar\/?page_id=927"},"modified":"2025-05-23T12:05:10","modified_gmt":"2025-05-23T15:05:10","slug":"reglamento","status":"publish","type":"page","link":"https:\/\/social.sanjosecoop.com.ar\/?page_id=927","title":{"rendered":"Reglamento"},"content":{"rendered":"\n<div class=\"wp-block-stackable-spacer stk-block-spacer stk--no-padding stk-block stk-d84c24f\" data-block-id=\"d84c24f\"><style>.stk-d84c24f {height:60px !important;}<\/style><\/div>\n\n\n\n<div class=\"wp-block-stackable-text stk-block-text stk-block stk-0937bba\" data-block-id=\"0937bba\"><style>.stk-0937bba {box-shadow:0px 10px 60px 0px var(--theme-palette-color-6, #e7e6e6) !important;}.stk-0937bba .stk-block-text__text{font-size:49px !important;color:var(--theme-palette-color-1, #397f1f) !important;font-family:SFMono-Regular, Menlo, Monaco, Consolas, \"Liberation Mono\", \"Courier New\", monospace !important;}@media screen and (max-width:999px){.stk-0937bba .stk-block-text__text{font-size:49px !important;}}<\/style><p class=\"stk-block-text__text has-text-color has-text-align-center\">Reglamento<\/p><\/div>\n\n\n\n<div class=\"wp-block-stackable-spacer stk-block-spacer stk--no-padding stk-block stk-612deab\" data-block-id=\"612deab\"><style>.stk-612deab {height:100px !important;}<\/style><\/div>\n\n\n\n<div class=\"wp-block-stackable-text stk-block-text stk-block stk-7f3fa97\" data-block-id=\"7f3fa97\"><p class=\"stk-block-text__text\"><strong><em>REGLAMENTO INTERNO DE SERVICIO SOLIDARIO DE SEPELIO DE LA COOPERATIVA DE ELECTRICIDAD SERVICIOS P\u00daBLICOS Y VIVIENDA LTDA. \u201cSAN JOS\u00c9\u201d<\/em><\/strong><\/p><\/div>\n\n\n\n<div class=\"wp-block-stackable-text stk-block-text stk-block stk-0ab02a5\" data-block-id=\"0ab02a5\"><p class=\"stk-block-text__text\"><em>CAPITULO I: Prestaci\u00f3n del servicio; -Alcances y Formas de Pago.<\/em><\/p><\/div>\n\n\n\n<p><em>ARTICULO 1\u00ba: -La Cooperativa de Electricidad Servicios P\u00fablicos y Vivienda Ltda. San Jos\u00e9, y conforme lo autoriza su Estatuto Social, se har\u00e1 cargo del Servicio de Sepelio por fallecimiento de sus asociados \u2013 personas f\u00edsicas- y no asociados adherentes al SERVICIO SOLIDARIO DE SEPELIOS. La cobertura alcanza al asociado usuario hasta 65 a\u00f1os y su grupo familiar a cargo entendi\u00e9ndose por ello adem\u00e1s del titular, al c\u00f3nyuge hasta 65 a\u00f1os e hijos hasta 21 a\u00f1os que convivan con \u00e9l y se hallen declarados en dicho domicilio al momento el empadronamiento o con posterioridad. Las personas a cargo del asociado titular, que por razones de estudio u otra justificaci\u00f3n de fuerza mayor, transitoriamente, no convivan en el domicilio declarado, tendr\u00e1n igualmente derecho al servicio, siempre que se hallen incorporados en la correspondiente declaraci\u00f3n jurada de beneficiarios. La prestaci\u00f3n del servicio a terceros no asociados se har\u00e1 estrictamente en las condiciones previstas por la autoridad de aplicaci\u00f3n. Quedan contemplada la ampliaci\u00f3n de la cobertura para hijos que se encuentran estudiando hasta los 26 a\u00f1os y discapacitados sin l\u00edmite de edad.<\/em><\/p>\n\n\n\n<p><em>ARTICULO 2\u00ba: Quedan expresamente excluidos del servicio las personas de existencia jur\u00eddicas asociadas a la cooperativa; los pasajeros circunstanciales que se alojen en Hoteles, Pensiones y Hospedajes cuyos titulares se hallen adheridos y el personal contratado en los establecimientos de campo (contratistas, changas, etc.).<\/em><\/p>\n\n\n\n<p><em>ARTICULO 3\u00ba: -Se adoptar\u00e1n dos modalidades de facturaci\u00f3n para este servicio: A) FACTURACI\u00d3N INDIVIDUAL Y AL CONTADO, donde el costo del servicio ser\u00e1 abonado \u00edntegramente una vez realizado en las condiciones y montos que fije el Consejo de Administraci\u00f3n, y B) Mediante el PLAN SOLIDARIO COOPERATIVO de financiaci\u00f3n colectiva que se establece en este Reglamento, cuyo costo y forma de recaudaci\u00f3n ser\u00e1 fijada por el Consejo de Administraci\u00f3n. El atraso en el pago de dos cuotas har\u00e1 caducar autom\u00e1ticamente sin necesidad de interpelaci\u00f3n alguna los derechos del asociado a los beneficios descriptos en el presente Reglamento.<\/em><\/p>\n\n\n\n<p><em>CAPITULO II: -Caracter\u00edsticas del servicio.<\/em><\/p>\n\n\n\n<p><em>ARTICULO 4\u00ba: -El servicio de Sepelios que se prestar\u00e1 al momento de ser solicitado, se denominan: A) SERVICIO NORMAL, y B) SERVICIO MEJORADO. El servicio normal es integral y de primera categor\u00eda y comprende: provisi\u00f3n de ata\u00fad normal para tierra o nicho, sala velatoria y capilla ardiente, servicio de calle con f\u00fanebre y porta corona, servicio Religioso, avisos radiales, tr\u00e1mites, impuestos y permiso Municipal de inhumaci\u00f3n. En el servicio mejorado el asociado podr\u00e1 optar por otro tipo de ata\u00fad, cofre o mejora, en cuyo caso deber\u00e1 abonar la diferencia correspondiente firmando la respectiva aceptaci\u00f3n de cargo diferenciado. Los servicios ser\u00e1n prestados en las instalaciones que a tal efecto posee la Cooperativa \u00f3, eventualmente, en las que designe con ese fin.<\/em><\/p>\n\n\n\n<p><em>ARTICULO 5\u00ba: El Consejo de Administraci\u00f3n fijar\u00e1 la fecha a partir de la cual la Cooperativa iniciar\u00e1 la prestaci\u00f3n del servicio. Los asociados podr\u00e1n incorporarse al mismo en cualquier momento cumplimentado las disposiciones de esta reglamentaci\u00f3n, pero no gozar\u00e1n de sus beneficios hasta despu\u00e9s de transcurridos seis meses de su incorporaci\u00f3n.<\/em><\/p>\n\n\n\n<p><em>ARTICULO 6\u00ba: -En los alcances del servicio previsto en el ARTICULO 1\u00ba. Se incluye sin cargo adicional el traslado de los fallecidos a los Pueblos Santa Trinidad, San Jos\u00e9, Santa Mar\u00eda y ciudad de Coronel Su\u00e1rez. Las distancias superiores generar\u00e1n un cargo adicional que fijar\u00e1 el Consejo de Administraci\u00f3n, no hall\u00e1ndose el mismo autorizado a establecer excepciones en este cargo.<\/em><\/p>\n\n\n\n<p><em>CAPITULO III: \u2013 Obligaciones del Asociado.<\/em><\/p>\n\n\n\n<p><em>ARTICULO 7\u00ba: -Para tener derecho al servicio, los asociados deber\u00e1n llenar y firmar los formularios que le entregar\u00e1 la Cooperativa trav\u00e9s de los cuales manifestar\u00e1 su adhesi\u00f3n y adem\u00e1s le dar\u00e1 car\u00e1cter de declaraci\u00f3n jurada, donde dejar\u00e1 constancia del grupo familiar con cobertura. Dicha informaci\u00f3n deber\u00e1 mantenerse permanentemente actualizada por el titular, ya que no se atender\u00e1n, sin excepciones, modificaciones del grupo familiar que no hayan sido previamente declaradas en la Cooperativa con una anticipaci\u00f3n previa de seis meses.<\/em><\/p>\n\n\n\n<p><em>ARTICULO 8\u00ba: -Es obligaci\u00f3n del asociado aportar pruebas que le sean requeridas para obtener el beneficio. Al solicitar el servicio el asociado usuario y\/o familiar deber\u00e1 llenar una declaraci\u00f3n jurada en la que certificar\u00e1 que el fallecido pertenece al grupo familiar declarado, presentando documento de identidad de \u00e9ste y los dos \u00faltimos recibos de pago de las cuotas del servicio de la Cooperativa.<\/em><\/p>\n\n\n\n<p><em>CAPITULO IV: -Aspectos Generales y Legales.<\/em><\/p>\n\n\n\n<p><em>ARTICULO 9\u00ba: -La cooperativa se reserva el derecho de generar el servicio en caso de cat\u00e1strofe colectiva como ser guerra, tumultos, inundaci\u00f3n, terremoto, epidemia, etc.<\/em><\/p>\n\n\n\n<p><em>ARTICULO 10\u00ba: -El Consejo de administraci\u00f3n queda facultado para celebrar convenio con la Municipalidad de Coronel Su\u00e1rez con el fin de fijar la forma de atenci\u00f3n de fallecimiento de indigentes, caminantes circunstanciales, (linyeras), con otra Cooperativa, etc.<\/em><\/p>\n\n\n\n<p><em>ARTICULO 11\u00ba: -Cuando la Cooperativa observare que un asociado act\u00faa en evidente mala f\u00e9 en lo atinente a la prestaci\u00f3n del servicio aqu\u00ed reglamentado, podr\u00e1 denegar el mismo y proceder a excluirlo de otros servicios sociales. Cuando un asociado abandonase por ausencia definitiva o renuncia a la prestaci\u00f3n del servicio, no tendr\u00e1 derecho a reclamo ni a solicitar devoluci\u00f3n de lo abandonado por este concepto. As\u00ed mismo si producido el fallecimiento el asociado decide no requerir el servicio y utilizar otro, no tendr\u00e1 derecho a indemnizaci\u00f3n alguna de la Cooperativa.<\/em><\/p>\n\n\n\n<p><em>ARTICULO 12\u00ba: -Toda interpretaci\u00f3n del presente Reglamento y\/o cuestiones que se planteen no previstas, ser\u00e1n resueltas en el marco del derecho Cooperativo y de consumo por el Consejo de Administraci\u00f3n y sus resoluciones podr\u00e1n ser apeladas ante la Asamblea General Ordinaria.<\/em><\/p>\n\n\n\n<p><\/p>\n","protected":false},"excerpt":{"rendered":"<p>Reglamento REGLAMENTO INTERNO DE SERVICIO SOLIDARIO DE SEPELIO DE LA COOPERATIVA DE ELECTRICIDAD SERVICIOS P\u00daBLICOS Y VIVIENDA LTDA. \u201cSAN JOS\u00c9\u201d CAPITULO I: Prestaci\u00f3n del servicio; -Alcances y Formas de Pago. ARTICULO 1\u00ba: -La Cooperativa de Electricidad Servicios P\u00fablicos y Vivienda Ltda. San Jos\u00e9, y conforme lo autoriza su Estatuto Social, se har\u00e1 cargo del Servicio [&hellip;]<\/p>\n","protected":false},"author":1,"featured_media":0,"parent":0,"menu_order":0,"comment_status":"closed","ping_status":"closed","template":"","meta":{"_acf_changed":false,"footnotes":""},"class_list":["post-927","page","type-page","status-publish","hentry"],"blocksy_meta":[],"acf":[],"_links":{"self":[{"href":"https:\/\/social.sanjosecoop.com.ar\/index.php?rest_route=\/wp\/v2\/pages\/927","targetHints":{"allow":["GET"]}}],"collection":[{"href":"https:\/\/social.sanjosecoop.com.ar\/index.php?rest_route=\/wp\/v2\/pages"}],"about":[{"href":"https:\/\/social.sanjosecoop.com.ar\/index.php?rest_route=\/wp\/v2\/types\/page"}],"author":[{"embeddable":true,"href":"https:\/\/social.sanjosecoop.com.ar\/index.php?rest_route=\/wp\/v2\/users\/1"}],"replies":[{"embeddable":true,"href":"https:\/\/social.sanjosecoop.com.ar\/index.php?rest_route=%2Fwp%2Fv2%2Fcomments&post=927"}],"version-history":[{"count":5,"href":"https:\/\/social.sanjosecoop.com.ar\/index.php?rest_route=\/wp\/v2\/pages\/927\/revisions"}],"predecessor-version":[{"id":952,"href":"https:\/\/social.sanjosecoop.com.ar\/index.php?rest_route=\/wp\/v2\/pages\/927\/revisions\/952"}],"wp:attachment":[{"href":"https:\/\/social.sanjosecoop.com.ar\/index.php?rest_route=%2Fwp%2Fv2%2Fmedia&parent=927"}],"curies":[{"name":"wp","href":"https:\/\/api.w.org\/{rel}","templated":true}]}}